{"id":13,"date":"2024-03-17T10:51:16","date_gmt":"2024-03-17T09:51:16","guid":{"rendered":"https:\/\/2cvcharlieu.fr\/?page_id=13"},"modified":"2026-04-14T20:15:41","modified_gmt":"2026-04-14T18:15:41","slug":"2cv-club-charliendin","status":"publish","type":"page","link":"https:\/\/2cvcharlieu.fr\/","title":{"rendered":"2cv Club Charliendin"},"content":{"rendered":"<div class=\"wp-block-image\">\n<figure class=\"alignleft size-full is-resized\"><img loading=\"lazy\" decoding=\"async\" width=\"569\" height=\"584\" src=\"https:\/\/2cvcharlieu.fr\/wp-content\/uploads\/2025\/11\/2cv-club-Rouge-10.jpg\" alt=\"\" class=\"wp-image-3840\" style=\"aspect-ratio:0.974398230841201;width:131px;height:auto\" srcset=\"https:\/\/2cvcharlieu.fr\/wp-content\/uploads\/2025\/11\/2cv-club-Rouge-10.jpg 569w, https:\/\/2cvcharlieu.fr\/wp-content\/uploads\/2025\/11\/2cv-club-Rouge-10-292x300.jpg 292w\" sizes=\"auto, (max-width: 569px) 100vw, 569px\" \/><\/figure>\n<\/div>\n\n<div class=\"wp-block-image\">\n<figure class=\"alignright size-full is-resized\"><img loading=\"lazy\" decoding=\"async\" width=\"561\" height=\"332\" src=\"https:\/\/2cvcharlieu.fr\/wp-content\/uploads\/2026\/01\/14-juillet2025-1.jpg\" alt=\"\" class=\"wp-image-4067\" style=\"aspect-ratio:1.6899548905270108;width:193px;height:auto\" srcset=\"https:\/\/2cvcharlieu.fr\/wp-content\/uploads\/2026\/01\/14-juillet2025-1.jpg 561w, https:\/\/2cvcharlieu.fr\/wp-content\/uploads\/2026\/01\/14-juillet2025-1-300x178.jpg 300w\" sizes=\"auto, (max-width: 561px) 100vw, 561px\" \/><\/figure>\n<\/div>\n\n<div class=\"wp-block-image\">\n<figure class=\"aligncenter size-full is-resized\"><img loading=\"lazy\" decoding=\"async\" width=\"534\" height=\"741\" src=\"https:\/\/2cvcharlieu.fr\/wp-content\/uploads\/2024\/03\/2cv-Club-Charlieu-4.jpg\" alt=\"\" class=\"wp-image-54\" style=\"aspect-ratio:0.7206593203074358;width:428px;height:auto\" srcset=\"https:\/\/2cvcharlieu.fr\/wp-content\/uploads\/2024\/03\/2cv-Club-Charlieu-4.jpg 534w, https:\/\/2cvcharlieu.fr\/wp-content\/uploads\/2024\/03\/2cv-Club-Charlieu-4-216x300.jpg 216w\" sizes=\"auto, (max-width: 534px) 100vw, 534px\" \/><\/figure>\n<\/div>\n\n\n<p class=\"has-text-align-center\"><strong>Nous sommes une association regroupant des propri\u00e9taires&nbsp;de 2cv et autres d\u00e9riv\u00e9s m\u00e9hari, dyane, Ami 6, Ami 8, 3cv, 2cv Azelle, Hoffmann cabriolet et moteur bi-cylindre \u00e0 plat.<\/strong><\/p>\n\n\n\n<p><strong>L&rsquo;objectif du club est : Balades et rassemblements, les adh\u00e9rents du club organisent des sorties locales, des promenades sur les d\u00e9partements limitrophes et autres.<\/strong><\/p>\n\n\n\n<p class=\"has-text-align-center\"><strong>Si vous voulez nous rejoindre avec votre 2cv ou mod\u00e8les d\u00e9riv\u00e9s<\/strong>   <strong>Vous pouvez nous contacter par mail : contact2cvclub.charlieu@gmail.com<\/strong><\/p>\n\n\n<div class=\"wp-block-image\">\n<figure class=\"alignleft size-large is-resized\"><img loading=\"lazy\" decoding=\"async\" width=\"1024\" height=\"934\" src=\"https:\/\/2cvcharlieu.fr\/wp-content\/uploads\/2026\/02\/IMG_19-02-2026-Pays-Roannais-1-1024x934.jpg\" alt=\"\" class=\"wp-image-4266\" style=\"aspect-ratio:1.096844885230242;width:440px;height:auto\" srcset=\"https:\/\/2cvcharlieu.fr\/wp-content\/uploads\/2026\/02\/IMG_19-02-2026-Pays-Roannais-1-1024x934.jpg 1024w, https:\/\/2cvcharlieu.fr\/wp-content\/uploads\/2026\/02\/IMG_19-02-2026-Pays-Roannais-1-300x274.jpg 300w, https:\/\/2cvcharlieu.fr\/wp-content\/uploads\/2026\/02\/IMG_19-02-2026-Pays-Roannais-1-768x700.jpg 768w, https:\/\/2cvcharlieu.fr\/wp-content\/uploads\/2026\/02\/IMG_19-02-2026-Pays-Roannais-1-1536x1400.jpg 1536w, https:\/\/2cvcharlieu.fr\/wp-content\/uploads\/2026\/02\/IMG_19-02-2026-Pays-Roannais-1-2048x1867.jpg 2048w, https:\/\/2cvcharlieu.fr\/wp-content\/uploads\/2026\/02\/IMG_19-02-2026-Pays-Roannais-1-1200x1094.jpg 1200w, https:\/\/2cvcharlieu.fr\/wp-content\/uploads\/2026\/02\/IMG_19-02-2026-Pays-Roannais-1-1980x1805.jpg 1980w\" sizes=\"auto, (max-width: 1024px) 100vw, 1024px\" \/><\/figure>\n<\/div>\n\n<div class=\"wp-block-image\">\n<figure class=\"alignright size-large is-resized\"><img loading=\"lazy\" decoding=\"async\" width=\"713\" height=\"1024\" src=\"https:\/\/2cvcharlieu.fr\/wp-content\/uploads\/2026\/02\/IMG_89462cvClub-3-713x1024.jpg\" alt=\"\" class=\"wp-image-4172\" style=\"aspect-ratio:0.6962973532139545;width:291px;height:auto\" srcset=\"https:\/\/2cvcharlieu.fr\/wp-content\/uploads\/2026\/02\/IMG_89462cvClub-3-713x1024.jpg 713w, https:\/\/2cvcharlieu.fr\/wp-content\/uploads\/2026\/02\/IMG_89462cvClub-3-209x300.jpg 209w, https:\/\/2cvcharlieu.fr\/wp-content\/uploads\/2026\/02\/IMG_89462cvClub-3-768x1102.jpg 768w, https:\/\/2cvcharlieu.fr\/wp-content\/uploads\/2026\/02\/IMG_89462cvClub-3-1070x1536.jpg 1070w, https:\/\/2cvcharlieu.fr\/wp-content\/uploads\/2026\/02\/IMG_89462cvClub-3.jpg 1188w\" sizes=\"auto, (max-width: 713px) 100vw, 713px\" \/><\/figure>\n<\/div>\n\n<div class=\"wp-block-image\">\n<figure class=\"aligncenter size-large is-resized\"><img loading=\"lazy\" decoding=\"async\" width=\"730\" height=\"1024\" src=\"https:\/\/2cvcharlieu.fr\/wp-content\/uploads\/2026\/03\/IMG_2CV-CLUB2026-1-730x1024.jpg\" alt=\"\" class=\"wp-image-4640\" style=\"aspect-ratio:0.7129031079945948;width:326px;height:auto\" srcset=\"https:\/\/2cvcharlieu.fr\/wp-content\/uploads\/2026\/03\/IMG_2CV-CLUB2026-1-730x1024.jpg 730w, https:\/\/2cvcharlieu.fr\/wp-content\/uploads\/2026\/03\/IMG_2CV-CLUB2026-1-214x300.jpg 214w, https:\/\/2cvcharlieu.fr\/wp-content\/uploads\/2026\/03\/IMG_2CV-CLUB2026-1-768x1078.jpg 768w, https:\/\/2cvcharlieu.fr\/wp-content\/uploads\/2026\/03\/IMG_2CV-CLUB2026-1.jpg 912w\" sizes=\"auto, (max-width: 730px) 100vw, 730px\" \/><\/figure>\n<\/div>\n\n<div class=\"wp-block-image\">\n<figure class=\"aligncenter size-full is-resized\"><img loading=\"lazy\" decoding=\"async\" width=\"180\" height=\"185\" src=\"https:\/\/2cvcharlieu.fr\/wp-content\/uploads\/2026\/02\/2cv-club-Rouge2026-27-2.jpg\" alt=\"\" class=\"wp-image-4174\" style=\"aspect-ratio:0.9730050430139424;width:72px;height:auto\"\/><\/figure>\n<\/div>\n\n\n<p class=\"has-text-align-center\"><strong>En 2025 au Mondial 2cv et d\u00e9riv\u00e9s en SLOVENIE<\/strong><\/p>\n\n\n<div class=\"wp-block-image\">\n<figure class=\"alignleft size-full is-resized\"><img loading=\"lazy\" decoding=\"async\" width=\"449\" height=\"449\" src=\"https:\/\/2cvcharlieu.fr\/wp-content\/uploads\/2025\/09\/474488133_1082323913698777_7440634598947029243_n.jpg\" alt=\"\" class=\"wp-image-3662\" style=\"width:177px;height:auto\" srcset=\"https:\/\/2cvcharlieu.fr\/wp-content\/uploads\/2025\/09\/474488133_1082323913698777_7440634598947029243_n.jpg 449w, https:\/\/2cvcharlieu.fr\/wp-content\/uploads\/2025\/09\/474488133_1082323913698777_7440634598947029243_n-300x300.jpg 300w, https:\/\/2cvcharlieu.fr\/wp-content\/uploads\/2025\/09\/474488133_1082323913698777_7440634598947029243_n-150x150.jpg 150w\" sizes=\"auto, (max-width: 449px) 100vw, 449px\" \/><\/figure>\n<\/div>\n\n<div class=\"wp-block-image\">\n<figure class=\"alignright size-full is-resized\"><img loading=\"lazy\" decoding=\"async\" width=\"377\" height=\"134\" src=\"https:\/\/2cvcharlieu.fr\/wp-content\/uploads\/2025\/09\/images.jpg\" alt=\"\" class=\"wp-image-3663\" style=\"aspect-ratio:2.8136724594314653;width:348px;height:auto\" srcset=\"https:\/\/2cvcharlieu.fr\/wp-content\/uploads\/2025\/09\/images.jpg 377w, https:\/\/2cvcharlieu.fr\/wp-content\/uploads\/2025\/09\/images-300x107.jpg 300w\" sizes=\"auto, (max-width: 377px) 100vw, 377px\" \/><\/figure>\n<\/div>\n\n<div class=\"wp-block-image\">\n<figure class=\"aligncenter size-large is-resized\"><img loading=\"lazy\" decoding=\"async\" width=\"631\" height=\"1024\" src=\"https:\/\/2cvcharlieu.fr\/wp-content\/uploads\/2025\/09\/IMG_7154-631x1024.jpg\" alt=\"\" class=\"wp-image-3660\" style=\"aspect-ratio:0.616214596133673;width:203px;height:auto\" srcset=\"https:\/\/2cvcharlieu.fr\/wp-content\/uploads\/2025\/09\/IMG_7154-631x1024.jpg 631w, https:\/\/2cvcharlieu.fr\/wp-content\/uploads\/2025\/09\/IMG_7154-185x300.jpg 185w, https:\/\/2cvcharlieu.fr\/wp-content\/uploads\/2025\/09\/IMG_7154-768x1246.jpg 768w, https:\/\/2cvcharlieu.fr\/wp-content\/uploads\/2025\/09\/IMG_7154-947x1536.jpg 947w, https:\/\/2cvcharlieu.fr\/wp-content\/uploads\/2025\/09\/IMG_7154.jpg 1161w\" sizes=\"auto, (max-width: 631px) 100vw, 631px\" \/><\/figure>\n<\/div>\n\n\n<p class=\"has-text-align-center\"><strong>En 2026 La Nationale du 13 au 17 mai \u00e0 Villiers\/Cher (41)<\/strong><\/p>\n\n\n\n<figure class=\"wp-block-gallery alignleft has-nested-images columns-default is-cropped wp-block-gallery-1 is-layout-flex wp-block-gallery-is-layout-flex\">\n<figure class=\"wp-block-image size-large\"><img loading=\"lazy\" decoding=\"async\" width=\"1024\" height=\"573\" data-id=\"3536\" src=\"https:\/\/2cvcharlieu.fr\/wp-content\/uploads\/2025\/08\/IMG_6307-1-1024x573.jpg\" alt=\"\" class=\"wp-image-3536\" srcset=\"https:\/\/2cvcharlieu.fr\/wp-content\/uploads\/2025\/08\/IMG_6307-1-1024x573.jpg 1024w, https:\/\/2cvcharlieu.fr\/wp-content\/uploads\/2025\/08\/IMG_6307-1-300x168.jpg 300w, https:\/\/2cvcharlieu.fr\/wp-content\/uploads\/2025\/08\/IMG_6307-1-768x430.jpg 768w, https:\/\/2cvcharlieu.fr\/wp-content\/uploads\/2025\/08\/IMG_6307-1-1536x860.jpg 1536w, https:\/\/2cvcharlieu.fr\/wp-content\/uploads\/2025\/08\/IMG_6307-1-1200x672.jpg 1200w, https:\/\/2cvcharlieu.fr\/wp-content\/uploads\/2025\/08\/IMG_6307-1-1980x1109.jpg 1980w, https:\/\/2cvcharlieu.fr\/wp-content\/uploads\/2025\/08\/IMG_6307-1.jpg 2016w\" sizes=\"auto, (max-width: 1024px) 100vw, 1024px\" \/><\/figure>\n<\/figure>\n\n\n<div class=\"wp-block-image\">\n<figure class=\"alignright size-full is-resized\"><img loading=\"lazy\" decoding=\"async\" width=\"188\" height=\"268\" src=\"https:\/\/2cvcharlieu.fr\/wp-content\/uploads\/2025\/08\/images-2.jpeg\" alt=\"\" class=\"wp-image-3541\" style=\"aspect-ratio:0.7015292482087477;width:164px;height:auto\"\/><\/figure>\n<\/div>\n\n<div class=\"wp-block-image\">\n<figure class=\"aligncenter size-full is-resized\"><img loading=\"lazy\" decoding=\"async\" width=\"960\" height=\"292\" src=\"https:\/\/2cvcharlieu.fr\/wp-content\/uploads\/2025\/08\/500881895_9910966238957099_1643209249116964784_n-2.jpg\" alt=\"\" class=\"wp-image-3538\" style=\"aspect-ratio:3.2880046811000585;width:307px;height:auto\" srcset=\"https:\/\/2cvcharlieu.fr\/wp-content\/uploads\/2025\/08\/500881895_9910966238957099_1643209249116964784_n-2.jpg 960w, https:\/\/2cvcharlieu.fr\/wp-content\/uploads\/2025\/08\/500881895_9910966238957099_1643209249116964784_n-2-300x91.jpg 300w, https:\/\/2cvcharlieu.fr\/wp-content\/uploads\/2025\/08\/500881895_9910966238957099_1643209249116964784_n-2-768x234.jpg 768w\" sizes=\"auto, (max-width: 960px) 100vw, 960px\" \/><\/figure>\n<\/div>\n\n<div class=\"wp-block-image\">\n<figure class=\"aligncenter size-full is-resized\"><img loading=\"lazy\" decoding=\"async\" width=\"569\" height=\"584\" src=\"https:\/\/2cvcharlieu.fr\/wp-content\/uploads\/2025\/11\/2cv-club-Rouge-11.jpg\" alt=\"\" class=\"wp-image-3845\" style=\"width:126px;height:auto\" srcset=\"https:\/\/2cvcharlieu.fr\/wp-content\/uploads\/2025\/11\/2cv-club-Rouge-11.jpg 569w, https:\/\/2cvcharlieu.fr\/wp-content\/uploads\/2025\/11\/2cv-club-Rouge-11-292x300.jpg 292w\" sizes=\"auto, (max-width: 569px) 100vw, 569px\" \/><\/figure>\n<\/div>\n\n\n<p class=\"has-text-align-center\"><strong>Le 2cv Club Charliendin est propos\u00e9 sur la liste des clubs en France\/Etranger du 2 CV MAGAZINE N\u00b0165 dans tous les kiosques en France<\/strong><\/p>\n\n\n<div class=\"wp-block-image\">\n<figure class=\"alignright size-full is-resized\"><img loading=\"lazy\" decoding=\"async\" width=\"708\" height=\"1000\" src=\"https:\/\/2cvcharlieu.fr\/wp-content\/uploads\/2025\/10\/L2231-1.jpg\" alt=\"\" class=\"wp-image-3800\" style=\"aspect-ratio:0.7080256314473722;width:233px;height:auto\" srcset=\"https:\/\/2cvcharlieu.fr\/wp-content\/uploads\/2025\/10\/L2231-1.jpg 708w, https:\/\/2cvcharlieu.fr\/wp-content\/uploads\/2025\/10\/L2231-1-212x300.jpg 212w\" sizes=\"auto, (max-width: 708px) 100vw, 708px\" \/><\/figure>\n<\/div>\n\n<div class=\"wp-block-image\">\n<figure class=\"alignleft size-large is-resized\"><img loading=\"lazy\" decoding=\"async\" width=\"892\" height=\"1024\" src=\"https:\/\/2cvcharlieu.fr\/wp-content\/uploads\/2025\/05\/IMG_54362cv-1-892x1024.jpg\" alt=\"\" class=\"wp-image-3188\" style=\"aspect-ratio:0.8711176687569163;width:283px;height:auto\" srcset=\"https:\/\/2cvcharlieu.fr\/wp-content\/uploads\/2025\/05\/IMG_54362cv-1-892x1024.jpg 892w, https:\/\/2cvcharlieu.fr\/wp-content\/uploads\/2025\/05\/IMG_54362cv-1-261x300.jpg 261w, https:\/\/2cvcharlieu.fr\/wp-content\/uploads\/2025\/05\/IMG_54362cv-1-768x881.jpg 768w, https:\/\/2cvcharlieu.fr\/wp-content\/uploads\/2025\/05\/IMG_54362cv-1-1338x1536.jpg 1338w, https:\/\/2cvcharlieu.fr\/wp-content\/uploads\/2025\/05\/IMG_54362cv-1-1200x1377.jpg 1200w, https:\/\/2cvcharlieu.fr\/wp-content\/uploads\/2025\/05\/IMG_54362cv-1.jpg 1463w\" sizes=\"auto, (max-width: 892px) 100vw, 892px\" \/><\/figure>\n<\/div>\n\n<div class=\"wp-block-image\">\n<figure class=\"aligncenter size-full is-resized\"><img loading=\"lazy\" decoding=\"async\" width=\"657\" height=\"395\" src=\"https:\/\/2cvcharlieu.fr\/wp-content\/uploads\/2026\/02\/2000007607449.webp\" alt=\"\" class=\"wp-image-4314\" style=\"aspect-ratio:1.6633292147756806;width:567px;height:auto\" srcset=\"https:\/\/2cvcharlieu.fr\/wp-content\/uploads\/2026\/02\/2000007607449.webp 657w, https:\/\/2cvcharlieu.fr\/wp-content\/uploads\/2026\/02\/2000007607449-300x180.webp 300w\" sizes=\"auto, (max-width: 657px) 100vw, 657px\" \/><\/figure>\n<\/div>\n\n<div class=\"wp-block-image\">\n<figure class=\"alignleft size-full is-resized\"><img loading=\"lazy\" decoding=\"async\" width=\"150\" height=\"154\" src=\"https:\/\/2cvcharlieu.fr\/wp-content\/uploads\/2026\/03\/2cv-club-Rouge2026-27.jpg\" alt=\"\" class=\"wp-image-4496\" style=\"width:199px;height:auto\"\/><\/figure>\n<\/div>\n\n<div class=\"wp-block-image\">\n<figure class=\"alignright size-full is-resized\"><img loading=\"lazy\" decoding=\"async\" width=\"150\" height=\"154\" src=\"https:\/\/2cvcharlieu.fr\/wp-content\/uploads\/2026\/03\/2cv-club-Rouge2026-27-1.jpg\" alt=\"\" class=\"wp-image-4497\" style=\"aspect-ratio:0.9740621650589496;width:197px;height:auto\"\/><\/figure>\n<\/div>\n\n<div class=\"wp-block-image\">\n<figure class=\"aligncenter size-full is-resized\"><img loading=\"lazy\" decoding=\"async\" width=\"1000\" height=\"500\" src=\"https:\/\/2cvcharlieu.fr\/wp-content\/uploads\/2026\/03\/les-amoureux-des-deudeuches-sont-au-sein-du-2-cv-club-en-gris-au-centre-le-president-claude-massieye-photo-guillaume-descave-1769882039.jpg\" alt=\"\" class=\"wp-image-4495\" style=\"width:569px;height:auto\" srcset=\"https:\/\/2cvcharlieu.fr\/wp-content\/uploads\/2026\/03\/les-amoureux-des-deudeuches-sont-au-sein-du-2-cv-club-en-gris-au-centre-le-president-claude-massieye-photo-guillaume-descave-1769882039.jpg 1000w, https:\/\/2cvcharlieu.fr\/wp-content\/uploads\/2026\/03\/les-amoureux-des-deudeuches-sont-au-sein-du-2-cv-club-en-gris-au-centre-le-president-claude-massieye-photo-guillaume-descave-1769882039-300x150.jpg 300w, https:\/\/2cvcharlieu.fr\/wp-content\/uploads\/2026\/03\/les-amoureux-des-deudeuches-sont-au-sein-du-2-cv-club-en-gris-au-centre-le-president-claude-massieye-photo-guillaume-descave-1769882039-768x384.jpg 768w\" sizes=\"auto, (max-width: 1000px) 100vw, 1000px\" \/><\/figure>\n<\/div>\n\n\n<div class=\"wp-block-columns is-layout-flex wp-container-core-columns-is-layout-9d6595d7 wp-block-columns-is-layout-flex\">\n<div class=\"wp-block-column is-layout-flow wp-block-column-is-layout-flow\" style=\"flex-basis:100%\">\n<figure class=\"wp-block-embed is-type-video is-provider-youtube wp-block-embed-youtube wp-embed-aspect-16-9 wp-has-aspect-ratio\"><div class=\"wp-block-embed__wrapper\">\n<iframe loading=\"lazy\" title=\"Le Gendarme de Saint-Tropez (1964) \/\/ Gag 2CV (Louis de Fun\u00e8s)\" width=\"580\" height=\"326\" src=\"https:\/\/www.youtube.com\/embed\/M4iDoOqhBv0?feature=oembed\" frameborder=\"0\" allow=\"accelerometer; autoplay; clipboard-write; encrypted-media; gyroscope; picture-in-picture; web-share\" referrerpolicy=\"strict-origin-when-cross-origin\" allowfullscreen><\/iframe>\n<\/div><\/figure>\n<\/div>\n<\/div>\n\n\n\n<p class=\"has-text-align-center\"><strong>Mise \u00e0 jour effectu\u00e9 le 15 avril 2026<\/strong><\/p>\n\n\n\n<p class=\"has-text-align-center\">Site regard\u00e9 par 3692 visiteurs<\/p>\n\n\n\n<p><\/p>\n","protected":false},"excerpt":{"rendered":"<p>Nous sommes une association regroupant des propri\u00e9taires&nbsp;de 2cv et autres d\u00e9riv\u00e9s m\u00e9hari, dyane, Ami 6, Ami 8, 3cv, 2cv Azelle, Hoffmann cabriolet et moteur bi-cylindre \u00e0 plat. L&rsquo;objectif du club est : Balades et rassemblements, les adh\u00e9rents du club organisent des sorties locales, des promenades sur les d\u00e9partements limitrophes et autres. Si vous voulez nous [&hellip;]<\/p>\n","protected":false},"author":1,"featured_media":0,"parent":0,"menu_order":0,"comment_status":"closed","ping_status":"closed","template":"","meta":{"footnotes":""},"class_list":["post-13","page","type-page","status-publish","hentry"],"_links":{"self":[{"href":"https:\/\/2cvcharlieu.fr\/index.php\/wp-json\/wp\/v2\/pages\/13","targetHints":{"allow":["GET"]}}],"collection":[{"href":"https:\/\/2cvcharlieu.fr\/index.php\/wp-json\/wp\/v2\/pages"}],"about":[{"href":"https:\/\/2cvcharlieu.fr\/index.php\/wp-json\/wp\/v2\/types\/page"}],"author":[{"embeddable":true,"href":"https:\/\/2cvcharlieu.fr\/index.php\/wp-json\/wp\/v2\/users\/1"}],"replies":[{"embeddable":true,"href":"https:\/\/2cvcharlieu.fr\/index.php\/wp-json\/wp\/v2\/comments?post=13"}],"version-history":[{"count":261,"href":"https:\/\/2cvcharlieu.fr\/index.php\/wp-json\/wp\/v2\/pages\/13\/revisions"}],"predecessor-version":[{"id":4748,"href":"https:\/\/2cvcharlieu.fr\/index.php\/wp-json\/wp\/v2\/pages\/13\/revisions\/4748"}],"wp:attachment":[{"href":"https:\/\/2cvcharlieu.fr\/index.php\/wp-json\/wp\/v2\/media?parent=13"}],"curies":[{"name":"wp","href":"https:\/\/api.w.org\/{rel}","templated":true}]}}